{"id":48,"date":"2021-03-05T12:24:41","date_gmt":"2021-03-05T12:24:41","guid":{"rendered":"https:\/\/staklar-dialux-trogir.com\/proizvodi\/"},"modified":"2021-03-05T17:07:17","modified_gmt":"2021-03-05T17:07:17","slug":"proizvodi","status":"publish","type":"page","link":"https:\/\/staklar-dialux-trogir.com\/?page_id=48","title":{"rendered":"Proizvodi"},"content":{"rendered":"\n    \n    <section class=\"u-clearfix u-gradient u-section-2\" id=\"sec-099f\">\n      <div class=\"u-clearfix u-sheet u-valign-middle-lg u-valign-middle-xl u-sheet-1\">\n        <h3 class=\"u-text u-text-1\">Proizvodi i usluge<\/h3>\n        <p class=\"u-text u-text-2\">Osim klasi\u010dne ponude stakala i Pleksiglasa, u ponudi imamo i\nizradu proizvoda od <b>kaljenog stakla<\/b> \u2013 gazi\u0161ta stepenica, unutarnje ili vanjske\nograde od stakla.&nbsp;<br>\n          <br>Tako\u0111er izra\u0111ujemo pregradne stijene od stakla kada je\npotrebno odvojiti prostor no zadr\u017eati dimenziju i vidljivost.&nbsp;<br>\n          <br>U mogu\u0107nosti smo po narud\u017ebi izraditi staklene stolove,\nte sve vrste staklenih vitrina, polica i pultova. Tako\u0111er izra\u0111ujemo staklena\nklizna vrata za ormare ili kuhinjske alu profile, stakla za jahte i brodice i jo\u0161 puno toga.<br>\n          <br>\n        <\/p>\n      <\/div>\n    <\/section>\n    <section class=\"u-clearfix u-section-3\" id=\"sec-ecf8\">\n      <div class=\"u-clearfix u-sheet u-valign-middle-md u-sheet-1\">\n        <div class=\"u-clearfix u-expanded-width-lg u-expanded-width-md u-expanded-width-xl u-gutter-0 u-layout-wrap u-layout-wrap-1\">\n          <div class=\"u-layout\">\n            <div class=\"u-layout-row\">\n              <div class=\"u-size-27\">\n                <div class=\"u-layout-col\">\n                  <div class=\"u-container-style u-image u-layout-cell u-size-60 u-image-1\">\n                    <div class=\"u-container-layout u-container-layout-1\"><\/div>\n                  <\/div>\n                <\/div>\n              <\/div>\n              <div class=\"u-size-33\">\n                <div class=\"u-layout-col\">\n                  <div class=\"u-container-style u-layout-cell u-shape-rectangle u-size-60 u-layout-cell-2\">\n                    <div class=\"u-container-layout u-valign-top-md u-valign-top-sm u-valign-top-xs u-container-layout-2\">\n                      <h5 class=\"u-custom-font u-font-playfair-display u-text u-text-1\">Kaljeno staklo<\/h5>\n                      <p class=\"u-text u-text-2\">Kaljeno\nstaklo je vrsta stakla visoke \u010dvrsto\u0107e s ravnomjernim tla\u010dnim naprezanjem na\npovr\u0161ini, koje se izra\u0111uje od posebne vrste stakla zagrijanog do to\u010dke gotovo\nomek\u0161avanja, koje se zatim brzo hladi zrakom.&nbsp;<br>\n                        <br>Najvi\u0161e se primjenjuje na mjestima koja udovoljavaju\nkriti\u010dnim zahtjevima visoke mehani\u010dke \u010dvrsto\u0107e i sigurnosti.&nbsp;<b><\/b>\n                        <br>\n                        <br>\n                        <span class=\"u-text-black\">Naj\u010de\u0161\u0107a primjena su, staklena vrata, zidovi zavjesa zgrada,\nunutarnje pregrade, dizala, vitrine, namje\u0161taj i<b> veliki frontalni prozori\nzgrada.<\/b>\n                        <\/span>\n                      <\/p>\n                    <\/div>\n                  <\/div>\n                <\/div>\n              <\/div>\n            <\/div>\n          <\/div>\n        <\/div>\n      <\/div>\n    <\/section>\n    <section class=\"u-align-center u-clearfix u-section-4\" id=\"sec-a278\">\n      <div class=\"u-clearfix u-sheet u-sheet-1\">\n        <div class=\"u-clearfix u-expanded-width u-gutter-8 u-layout-wrap u-layout-wrap-1\">\n          <div class=\"u-layout\" style=\"\">\n            <div class=\"u-layout-row\" style=\"\">\n              <div class=\"u-align-left u-container-style u-gradient u-layout-cell u-opacity u-opacity-85 u-right-cell u-size-30 u-size-xs-60 u-layout-cell-1\">\n                <div class=\"u-container-layout u-container-layout-1\">\n                  <h2 class=\"u-text u-text-1\"><b style=\"\">Staklo\nza stol, pult ili \u0161ank <\/b>\n                  <\/h2>\n                  <p class=\"u-text u-text-2\">Za Vas mo\u017eemo izraditi&nbsp;\nstakleni stol, kuhinjsku radnu plohu, \u0161ank ili pult po mjeri, te staklo\nza stol koje predstavlja lijepo i funkcionalno rje\u0161enje za\u0161tite od mehani\u010dkih\no\u0161te\u0107enja.\nZa\u0161titite radnu povr\u0161inu stola, \u0161anka ili pulta\nnajkvalitetnijim vrstama i uzorcima stakla.&nbsp;<br>\n                    <br>Staklo za stol&nbsp; izrezujemo u okruglim, ovalnim,\n\u0161esterokutnim&nbsp; i svim ostalim pravilnim i\nnepravilnim oblicima po narud\u017ebi.<br>\n                    <br>\n                    <br>\n                  <\/p>\n                <\/div>\n              <\/div>\n              <div class=\"u-align-left u-container-style u-image u-layout-cell u-left-cell u-size-30 u-size-xs-60 u-image-1\" src=\"\" data-image-width=\"1600\" data-image-height=\"922\">\n                <div class=\"u-container-layout u-valign-middle u-container-layout-2\" src=\"\"><\/div>\n              <\/div>\n            <\/div>\n          <\/div>\n        <\/div>\n      <\/div>\n    <\/section>\n    <section class=\"u-align-center u-clearfix u-section-5\" id=\"carousel_c2b1\">\n      <div class=\"u-clearfix u-sheet u-valign-middle-md u-valign-middle-sm u-valign-middle-xs u-sheet-1\">\n        <div class=\"u-clearfix u-expanded-width u-gutter-8 u-layout-wrap u-layout-wrap-1\">\n          <div class=\"u-layout\" style=\"\">\n            <div class=\"u-layout-row\" style=\"\">\n              <div class=\"u-align-left u-container-style u-image u-layout-cell u-left-cell u-size-30 u-size-xs-60 u-image-1\" src=\"\" data-image-width=\"150\" data-image-height=\"84\">\n                <div class=\"u-container-layout u-valign-middle u-container-layout-1\" src=\"\"><\/div>\n              <\/div>\n              <div class=\"u-align-left u-container-style u-gradient u-layout-cell u-opacity u-opacity-85 u-right-cell u-size-30 u-size-xs-60 u-layout-cell-2\">\n                <div class=\"u-container-layout u-container-layout-2\">\n                  <h2 class=\"u-text u-text-1\"><b>Staklene pregrade (staklene stijene)<\/b>&nbsp;&nbsp;<br>\n                  <\/h2>\n                  <p class=\"u-text u-text-2\">Staklene pregrade ili staklene stijene mogu biti fiksne ili\nklizne. Izra\u0111uju se po mjeri.&nbsp;<br>\n                    <br>Staklene pregrade postavljaju se od poda do stropa i zamjena\nsu klasi\u010dnoj zidanoj pregradi, a mogu biti prozirne ili zatamnjene (ovisno o\nVa\u0161im \u017eeljama i potrebama).&nbsp;<br>\n                    <br>Vrlo su pogodne za urede i manje prostore.&nbsp;<br>Djelatnicima daju osje\u0107aj privatnosti, a izra\u0111uju se\nod sigurnosnog kaljenog ili laminiranog stakla debljine 8-10 mm od kojih se\nformiraju stakleni zidovi (fiksni ili klizni), sa ili bez aluminijskih okvira. \n                  <\/p>\n                <\/div>\n              <\/div>\n            <\/div>\n          <\/div>\n        <\/div>\n      <\/div>\n    <\/section>\n    <section class=\"u-align-center u-clearfix u-section-6\" id=\"carousel_630b\">\n      <div class=\"u-clearfix u-sheet u-valign-middle u-sheet-1\">\n        <div class=\"u-clearfix u-expanded-width u-gutter-8 u-layout-wrap u-layout-wrap-1\">\n          <div class=\"u-layout\" style=\"\">\n            <div class=\"u-layout-row\" style=\"\">\n              <div class=\"u-align-left u-container-style u-gradient u-layout-cell u-opacity u-opacity-85 u-right-cell u-size-30 u-size-xs-60 u-layout-cell-1\">\n                <div class=\"u-container-layout u-valign-top-md u-valign-top-sm u-valign-top-xs u-container-layout-1\">\n                  <h2 class=\"u-text u-text-1\"><b>STAKLENE TU\u0160 KABINE<\/b>&nbsp;&nbsp;<br>\n                  <\/h2>\n                  <p class=\"u-text u-text-2\">&nbsp; Izra\u0111ujemo staklene tu\u0161 kabine po mjerama i po Va\u0161im \u017eeljama,\nod vrlo kvalitetnog stakla, koje mogu biti samo djelomi\u010dne pregrade ili potpuno\nodvojeni prostor za tu\u0161iranje od ostatka prostorije .<br>\n                    <br> Ukoliko se odlu\u010dite za &nbsp;izradu kompletne staklene stijene, koja potpuno\nodvaja prostor za tu\u0161iranje od ostatka prostorije, mo\u017eete u\u017eivati u dugim\ntu\u0161iranjima bez kondenziranja vlage po cijelom prostoru. <br>\n                    <br>Staklo koje \u0107e biti upotrijebljeno tako\u0111er ovisi isklju\u010divo o va\u0161im \u017eeljama.<br>Mo\u017eete se odlu\u010diti za zatamnjena ili prozirna stakla,\nali kvaliteta ni u kom slu\u010daju nije upitna.&nbsp; \n                  <\/p>\n                <\/div>\n              <\/div>\n              <div class=\"u-align-left u-container-style u-image u-layout-cell u-left-cell u-size-30 u-size-xs-60 u-image-1\" src=\"\" data-image-width=\"1600\" data-image-height=\"900\">\n                <div class=\"u-container-layout u-valign-middle u-container-layout-2\" src=\"\"><\/div>\n              <\/div>\n            <\/div>\n          <\/div>\n        <\/div>\n      <\/div>\n    <\/section>\n    <section class=\"u-align-center u-clearfix u-section-7\" id=\"carousel_77ee\">\n      <div class=\"u-clearfix u-sheet u-valign-middle-lg u-valign-middle-md u-valign-middle-xl u-sheet-1\">\n        <div class=\"u-clearfix u-expanded-width u-gutter-8 u-layout-wrap u-layout-wrap-1\">\n          <div class=\"u-layout\" style=\"\">\n            <div class=\"u-layout-row\" style=\"\">\n              <div class=\"u-align-left u-container-style u-layout-cell u-left-cell u-size-30 u-size-xs-60 u-layout-cell-1\" src=\"\">\n                <div class=\"u-container-layout u-valign-middle-lg u-valign-middle-md u-valign-middle-xl u-container-layout-1\" src=\"\">\n                  <img decoding=\"async\" class=\"u-align-center u-image u-image-1\" src=\"https:\/\/staklar-dialux-trogir.com\/wp-content\/uploads\/2021\/03\/717612394-0.png\" data-image-width=\"150\" data-image-height=\"86\">\n                <\/div>\n              <\/div>\n              <div class=\"u-align-left u-container-style u-gradient u-layout-cell u-opacity u-opacity-85 u-right-cell u-size-30 u-size-xs-60 u-layout-cell-2\">\n                <div class=\"u-container-layout u-container-layout-2\">\n                  <h2 class=\"u-text u-text-1\"><b>Staklo za jahte i brodice<\/b>&nbsp;&nbsp;&nbsp;<br>\n                  <\/h2>\n                  <p class=\"u-text u-text-2\">Zbog toga \u0161to uglavnom radimo na podru\u010dju Dalmacije, posebno\nbismo istaknuli mogu\u0107nost izrade svih vrsta stakala i pregrada za jahte i\nbrodove, bilo da se radi o kaljenom staklu ili Pelxiglasu visoke kvalitete.<br>\n                    <br>Radi se o materijalima koji su otporni na visoke temperature i te\u0161ke vremenske i atmosferske uvjete.<br>\n                  <\/p>\n                <\/div>\n              <\/div>\n            <\/div>\n          <\/div>\n        <\/div>\n      <\/div>\n    <\/section>\n    \n    \n  \n","protected":false},"excerpt":{"rendered":"<p>Proizvodi i usluge Osim klasi\u010dne ponude stakala i Pleksiglasa, u ponudi imamo i izradu proizvoda od kaljenog stakla \u2013 gazi\u0161ta stepenica, unutarnje ili vanjske ograde od stakla.&nbsp; Tako\u0111er izra\u0111ujemo pregradne stijene od stakla kada je potrebno odvojiti prostor no zadr\u017eati dimenziju i vidljivost.&nbsp; U mogu\u0107nosti smo po narud\u017ebi izraditi staklene stolove, te sve vrste staklenih &hellip; <a href=\"https:\/\/staklar-dialux-trogir.com\/?page_id=48\" class=\"more-link\">Continue reading<span class=\"screen-reader-text\"> &#8220;Proizvodi&#8221;<\/span><\/a><\/p>\n","protected":false},"author":1,"featured_media":0,"parent":0,"menu_order":3,"comment_status":"closed","ping_status":"closed","template":"","meta":{"footnotes":""},"class_list":["post-48","page","type-page","status-publish","hentry"],"_links":{"self":[{"href":"https:\/\/staklar-dialux-trogir.com\/index.php?rest_route=\/wp\/v2\/pages\/48","targetHints":{"allow":["GET"]}}],"collection":[{"href":"https:\/\/staklar-dialux-trogir.com\/index.php?rest_route=\/wp\/v2\/pages"}],"about":[{"href":"https:\/\/staklar-dialux-trogir.com\/index.php?rest_route=\/wp\/v2\/types\/page"}],"author":[{"embeddable":true,"href":"https:\/\/staklar-dialux-trogir.com\/index.php?rest_route=\/wp\/v2\/users\/1"}],"replies":[{"embeddable":true,"href":"https:\/\/staklar-dialux-trogir.com\/index.php?rest_route=%2Fwp%2Fv2%2Fcomments&post=48"}],"version-history":[{"count":2,"href":"https:\/\/staklar-dialux-trogir.com\/index.php?rest_route=\/wp\/v2\/pages\/48\/revisions"}],"predecessor-version":[{"id":61,"href":"https:\/\/staklar-dialux-trogir.com\/index.php?rest_route=\/wp\/v2\/pages\/48\/revisions\/61"}],"wp:attachment":[{"href":"https:\/\/staklar-dialux-trogir.com\/index.php?rest_route=%2Fwp%2Fv2%2Fmedia&parent=48"}],"curies":[{"name":"wp","href":"https:\/\/api.w.org\/{rel}","templated":true}]}}